{"id":95,"date":"2024-03-25T18:17:14","date_gmt":"2024-03-25T17:17:14","guid":{"rendered":"https:\/\/www.hoteldefleurieparis.com\/?page_id=95"},"modified":"2025-09-22T15:20:17","modified_gmt":"2025-09-22T13:20:17","slug":"nuestros-compromisos","status":"publish","type":"page","link":"https:\/\/www.hoteldefleurieparis.com\/es\/nuestros-compromisos\/","title":{"rendered":"Nuestros compromisos"},"content":{"rendered":"<div data-elementor-type=\"wp-page\" data-elementor-id=\"95\" class=\"elementor elementor-95\" data-elementor-post-type=\"page\">\n\t\t\t\t<section class=\"elementor-element elementor-element-6c21dfa e-flex e-con-boxed e-con e-parent\" data-id=\"6c21dfa\" data-element_type=\"container\" data-settings=\"{&quot;background_background&quot;:&quot;classic&quot;}\">\n\t\t\t\t\t<div class=\"e-con-inner\">\n\t\t<div class=\"elementor-element elementor-element-8e1f34d e-con-full e-flex e-con e-child\" data-id=\"8e1f34d\" data-element_type=\"container\" data-settings=\"{&quot;background_background&quot;:&quot;classic&quot;}\">\n\t\t<div class=\"elementor-element elementor-element-df02ca7 e-con-full e-flex elementor-invisible e-con e-child\" data-id=\"df02ca7\" data-element_type=\"container\" data-settings=\"{&quot;animation&quot;:&quot;fadeIn&quot;}\">\n\t\t\t\t<div class=\"elementor-element elementor-element-87aa99a elementor-widget elementor-widget-heading\" data-id=\"87aa99a\" data-element_type=\"widget\" data-widget_type=\"heading.default\">\n\t\t\t\t<div class=\"elementor-widget-container\">\n\t\t\t\t\t<div class=\"elementor-heading-title elementor-size-default\">Hotel de fleurie<\/div>\t\t\t\t<\/div>\n\t\t\t\t<\/div>\n\t\t\t\t<div class=\"elementor-element elementor-element-99daa79 elementor-widget-tablet__width-initial elementor-widget elementor-widget-heading\" data-id=\"99daa79\" data-element_type=\"widget\" data-widget_type=\"heading.default\">\n\t\t\t\t<div class=\"elementor-widget-container\">\n\t\t\t\t\t<h1 class=\"elementor-heading-title elementor-size-default\">Descubra nuestros compromisos<\/h1>\t\t\t\t<\/div>\n\t\t\t\t<\/div>\n\t\t\t\t<\/div>\n\t\t\t\t<\/div>\n\t\t\t\t\t<\/div>\n\t\t\t\t<\/section>\n\t\t<section class=\"elementor-element elementor-element-dce0101 engagements-ecran2 e-flex e-con-boxed e-con e-parent\" data-id=\"dce0101\" data-element_type=\"container\" id=\"engagements-ecran2\">\n\t\t\t\t\t<div class=\"e-con-inner\">\n\t\t<div class=\"elementor-element elementor-element-b107179 e-con-full e-flex elementor-invisible e-con e-child\" data-id=\"b107179\" data-element_type=\"container\" data-settings=\"{&quot;animation&quot;:&quot;fadeIn&quot;}\">\n\t\t<article class=\"elementor-element elementor-element-1863bc1 e-con-full e-flex e-con e-child\" data-id=\"1863bc1\" data-element_type=\"container\">\n\t\t<div class=\"elementor-element elementor-element-98091dd e-con-full e-flex e-con e-child\" data-id=\"98091dd\" data-element_type=\"container\">\n\t\t\t\t<div class=\"elementor-element elementor-element-054d954 elementor-widget elementor-widget-image\" data-id=\"054d954\" data-element_type=\"widget\" data-widget_type=\"image.default\">\n\t\t\t\t<div class=\"elementor-widget-container\">\n\t\t\t\t\t\t\t\t\t\t\t\t\t\t\t<img fetchpriority=\"high\" decoding=\"async\" width=\"228\" height=\"228\" src=\"https:\/\/www.hoteldefleurieparis.com\/wp-content\/uploads\/2024\/04\/iStock-1293170597-1-1.png\" class=\"attachment-large size-large wp-image-2214\" alt=\"\" srcset=\"https:\/\/www.hoteldefleurieparis.com\/wp-content\/uploads\/2024\/04\/iStock-1293170597-1-1.png 228w, https:\/\/www.hoteldefleurieparis.com\/wp-content\/uploads\/2024\/04\/iStock-1293170597-1-1-150x150.png 150w, https:\/\/www.hoteldefleurieparis.com\/wp-content\/uploads\/2024\/04\/iStock-1293170597-1-1-12x12.png 12w\" sizes=\"(max-width: 228px) 100vw, 228px\" title=\"\">\t\t\t\t\t\t\t\t\t\t\t\t\t\t\t<\/div>\n\t\t\t\t<\/div>\n\t\t\t\t<\/div>\n\t\t\t\t<div class=\"elementor-element elementor-element-4e5b967 elementor-widget__width-inherit elementor-widget elementor-widget-heading\" data-id=\"4e5b967\" data-element_type=\"widget\" data-widget_type=\"heading.default\">\n\t\t\t\t<div class=\"elementor-widget-container\">\n\t\t\t\t\t<div class=\"elementor-heading-title elementor-size-default\">Materiales franceses<\/div>\t\t\t\t<\/div>\n\t\t\t\t<\/div>\n\t\t\t\t<div class=\"elementor-element elementor-element-fe393b9 elementor-widget__width-inherit elementor-widget elementor-widget-text-editor\" data-id=\"fe393b9\" data-element_type=\"widget\" data-widget_type=\"text-editor.default\">\n\t\t\t\t<div class=\"elementor-widget-container\">\n\t\t\t\t\t\t\t\t\t<p>En el H\u00f4tel de Fleurie, favorecemos el uso de materiales franceses de alta calidad. Por ejemplo, todas nuestras telas de tapicer\u00eda se seleccionan de casas de renombre como Thevenon 1908, que refleja la elegancia y el saber hacer franceses. M\u00e1s informaci\u00f3n <strong><a href=\"https:\/\/www.thevenon1908.com\/product-category\/tissus\/\" target=\"_blank\" rel=\"noopener nofollow\">Thevenon 1908<\/a>.<\/strong><\/p>\t\t\t\t\t\t\t\t<\/div>\n\t\t\t\t<\/div>\n\t\t\t\t<\/article>\n\t\t\t\t<\/div>\n\t\t<div class=\"elementor-element elementor-element-2b2cd48 e-con-full e-flex elementor-invisible e-con e-child\" data-id=\"2b2cd48\" data-element_type=\"container\" data-settings=\"{&quot;animation&quot;:&quot;fadeIn&quot;}\">\n\t\t<article class=\"elementor-element elementor-element-7ae4b3f e-con-full e-flex e-con e-child\" data-id=\"7ae4b3f\" data-element_type=\"container\">\n\t\t<div class=\"elementor-element elementor-element-fcbaf7f e-con-full e-flex e-con e-child\" data-id=\"fcbaf7f\" data-element_type=\"container\">\n\t\t\t\t<div class=\"elementor-element elementor-element-2887186 elementor-widget elementor-widget-image\" data-id=\"2887186\" data-element_type=\"widget\" data-widget_type=\"image.default\">\n\t\t\t\t<div class=\"elementor-widget-container\">\n\t\t\t\t\t\t\t\t\t\t\t\t\t\t\t<img decoding=\"async\" width=\"206\" height=\"254\" src=\"https:\/\/www.hoteldefleurieparis.com\/wp-content\/uploads\/2024\/04\/iStock-1347258015-1-1.png\" class=\"attachment-large size-large wp-image-2215\" alt=\"\" srcset=\"https:\/\/www.hoteldefleurieparis.com\/wp-content\/uploads\/2024\/04\/iStock-1347258015-1-1.png 206w, https:\/\/www.hoteldefleurieparis.com\/wp-content\/uploads\/2024\/04\/iStock-1347258015-1-1-10x12.png 10w\" sizes=\"(max-width: 206px) 100vw, 206px\" title=\"\">\t\t\t\t\t\t\t\t\t\t\t\t\t\t\t<\/div>\n\t\t\t\t<\/div>\n\t\t\t\t<\/div>\n\t\t\t\t<div class=\"elementor-element elementor-element-94f49b8 elementor-widget__width-inherit elementor-widget elementor-widget-heading\" data-id=\"94f49b8\" data-element_type=\"widget\" data-widget_type=\"heading.default\">\n\t\t\t\t<div class=\"elementor-widget-container\">\n\t\t\t\t\t<div class=\"elementor-heading-title elementor-size-default\">socios locales<\/div>\t\t\t\t<\/div>\n\t\t\t\t<\/div>\n\t\t\t\t<div class=\"elementor-element elementor-element-e6dadcb elementor-widget__width-inherit elementor-widget elementor-widget-text-editor\" data-id=\"e6dadcb\" data-element_type=\"widget\" data-widget_type=\"text-editor.default\">\n\t\t\t\t<div class=\"elementor-widget-container\">\n\t\t\t\t\t\t\t\t\t<p>Nuestro hotel se compromete a apoyar a los productores locales. Todos nuestros productos, desde frutas y verduras hasta quesos, zumos frescos, t\u00e9s y mermeladas, proceden de socios regionales cuidadosamente seleccionados, lo que garantiza frescura, calidad y autenticidad en cada bocado.<\/p>\t\t\t\t\t\t\t\t<\/div>\n\t\t\t\t<\/div>\n\t\t\t\t<\/article>\n\t\t\t\t<\/div>\n\t\t<div class=\"elementor-element elementor-element-623301f e-con-full e-flex elementor-invisible e-con e-child\" data-id=\"623301f\" data-element_type=\"container\" data-settings=\"{&quot;animation&quot;:&quot;fadeIn&quot;}\">\n\t\t<article class=\"elementor-element elementor-element-94826e7 e-con-full e-flex e-con e-child\" data-id=\"94826e7\" data-element_type=\"container\">\n\t\t<div class=\"elementor-element elementor-element-a738eda e-con-full e-flex e-con e-child\" data-id=\"a738eda\" data-element_type=\"container\">\n\t\t\t\t<div class=\"elementor-element elementor-element-ff3a258 elementor-widget elementor-widget-image\" data-id=\"ff3a258\" data-element_type=\"widget\" data-widget_type=\"image.default\">\n\t\t\t\t<div class=\"elementor-widget-container\">\n\t\t\t\t\t\t\t\t\t\t\t\t\t\t\t<img decoding=\"async\" width=\"230\" height=\"187\" src=\"https:\/\/www.hoteldefleurieparis.com\/wp-content\/uploads\/2024\/04\/iStock-1328217111-1-2-1.png\" class=\"attachment-large size-large wp-image-2216\" alt=\"\" srcset=\"https:\/\/www.hoteldefleurieparis.com\/wp-content\/uploads\/2024\/04\/iStock-1328217111-1-2-1.png 230w, https:\/\/www.hoteldefleurieparis.com\/wp-content\/uploads\/2024\/04\/iStock-1328217111-1-2-1-15x12.png 15w\" sizes=\"(max-width: 230px) 100vw, 230px\" title=\"\">\t\t\t\t\t\t\t\t\t\t\t\t\t\t\t<\/div>\n\t\t\t\t<\/div>\n\t\t\t\t<\/div>\n\t\t\t\t<div class=\"elementor-element elementor-element-0aa9134 elementor-widget__width-inherit elementor-widget elementor-widget-heading\" data-id=\"0aa9134\" data-element_type=\"widget\" data-widget_type=\"heading.default\">\n\t\t\t\t<div class=\"elementor-widget-container\">\n\t\t\t\t\t<div class=\"elementor-heading-title elementor-size-default\">cubo de clasificaci\u00f3n<\/div>\t\t\t\t<\/div>\n\t\t\t\t<\/div>\n\t\t\t\t<div class=\"elementor-element elementor-element-df1541d elementor-widget__width-inherit elementor-widget elementor-widget-text-editor\" data-id=\"df1541d\" data-element_type=\"widget\" data-widget_type=\"text-editor.default\">\n\t\t\t\t<div class=\"elementor-widget-container\">\n\t\t\t\t\t\t\t\t\t<p>En el H\u00f4tel de Fleurie aportamos nuestro granito de arena al medio ambiente. Nuestros contenedores de clasificaci\u00f3n selectiva facilitan a nuestros hu\u00e9spedes ser ecorresponsables durante su estancia.<\/p>\t\t\t\t\t\t\t\t<\/div>\n\t\t\t\t<\/div>\n\t\t\t\t<\/article>\n\t\t\t\t<\/div>\n\t\t<div class=\"elementor-element elementor-element-ea4e414 e-con-full e-flex elementor-invisible e-con e-child\" data-id=\"ea4e414\" data-element_type=\"container\" data-settings=\"{&quot;animation&quot;:&quot;fadeIn&quot;}\">\n\t\t<article class=\"elementor-element elementor-element-73d23db e-con-full e-flex e-con e-child\" data-id=\"73d23db\" data-element_type=\"container\">\n\t\t<div class=\"elementor-element elementor-element-df2649c e-con-full e-flex e-con e-child\" data-id=\"df2649c\" data-element_type=\"container\">\n\t\t\t\t<div class=\"elementor-element elementor-element-0a4626a elementor-widget elementor-widget-image\" data-id=\"0a4626a\" data-element_type=\"widget\" data-widget_type=\"image.default\">\n\t\t\t\t<div class=\"elementor-widget-container\">\n\t\t\t\t\t\t\t\t\t\t\t\t\t\t\t<img loading=\"lazy\" decoding=\"async\" width=\"229\" height=\"214\" src=\"https:\/\/www.hoteldefleurieparis.com\/wp-content\/uploads\/2024\/04\/iStock-1221016104-1-2-1.png\" class=\"attachment-large size-large wp-image-2217\" alt=\"\" srcset=\"https:\/\/www.hoteldefleurieparis.com\/wp-content\/uploads\/2024\/04\/iStock-1221016104-1-2-1.png 229w, https:\/\/www.hoteldefleurieparis.com\/wp-content\/uploads\/2024\/04\/iStock-1221016104-1-2-1-13x12.png 13w\" sizes=\"(max-width: 229px) 100vw, 229px\" title=\"\">\t\t\t\t\t\t\t\t\t\t\t\t\t\t\t<\/div>\n\t\t\t\t<\/div>\n\t\t\t\t<\/div>\n\t\t\t\t<div class=\"elementor-element elementor-element-7b21467 elementor-widget__width-inherit elementor-widget elementor-widget-heading\" data-id=\"7b21467\" data-element_type=\"widget\" data-widget_type=\"heading.default\">\n\t\t\t\t<div class=\"elementor-widget-container\">\n\t\t\t\t\t<div class=\"elementor-heading-title elementor-size-default\">aquachiara<\/div>\t\t\t\t<\/div>\n\t\t\t\t<\/div>\n\t\t\t\t<div class=\"elementor-element elementor-element-301dc28 elementor-widget__width-inherit elementor-widget elementor-widget-text-editor\" data-id=\"301dc28\" data-element_type=\"widget\" data-widget_type=\"text-editor.default\">\n\t\t\t\t<div class=\"elementor-widget-container\">\n\t\t\t\t\t\t\t\t\t<p>Nuestra colaboraci\u00f3n con Aquachiara nos permite ofrecer a nuestros clientes una soluci\u00f3n de agua potable innovadora y respetuosa con el medio ambiente. M\u00e1s informaci\u00f3n sobre sus productos y su compromiso en su sitio web: <strong><a href=\"https:\/\/www.aquachiara.com\/fr\" target=\"_blank\" rel=\"noopener nofollow\">AQUACHIARA<\/a><\/strong><\/p>\t\t\t\t\t\t\t\t<\/div>\n\t\t\t\t<\/div>\n\t\t\t\t<\/article>\n\t\t\t\t<\/div>\n\t\t\t\t\t<\/div>\n\t\t\t\t<\/section>\n\t\t<section class=\"elementor-element elementor-element-d22aabc e-flex e-con-boxed e-con e-parent\" data-id=\"d22aabc\" data-element_type=\"container\">\n\t\t\t\t\t<div class=\"e-con-inner\">\n\t\t<article class=\"elementor-element elementor-element-e287271 e-con-full e-flex e-con e-child\" data-id=\"e287271\" data-element_type=\"container\">\n\t\t\t\t<div class=\"elementor-element elementor-element-73fb5a8 elementor-widget__width-initial elementor-widget elementor-widget-heading\" data-id=\"73fb5a8\" data-element_type=\"widget\" data-widget_type=\"heading.default\">\n\t\t\t\t<div class=\"elementor-widget-container\">\n\t\t\t\t\t<span class=\"elementor-heading-title elementor-size-default\">NUESTROS SOCIOS LOCALES<\/span>\t\t\t\t<\/div>\n\t\t\t\t<\/div>\n\t\t\t\t<div class=\"elementor-element elementor-element-efb95ef elementor-widget__width-initial elementor-widget-tablet__width-initial elementor-widget elementor-widget-text-editor\" data-id=\"efb95ef\" data-element_type=\"widget\" data-widget_type=\"text-editor.default\">\n\t\t\t\t<div class=\"elementor-widget-container\">\n\t\t\t\t\t\t\t\t\t<p>Los productores y artesanos de la regi\u00f3n sirven a su paladar.<\/p>\t\t\t\t\t\t\t\t<\/div>\n\t\t\t\t<\/div>\n\t\t\t\t<div class=\"elementor-element elementor-element-85975c3 btn-maillage elementor-widget elementor-widget-button\" data-id=\"85975c3\" data-element_type=\"widget\" data-widget_type=\"button.default\">\n\t\t\t\t<div class=\"elementor-widget-container\">\n\t\t\t\t\t\t\t\t\t<div class=\"elementor-button-wrapper\">\n\t\t\t\t\t<a class=\"elementor-button elementor-button-link elementor-size-sm\" href=\"https:\/\/www.hoteldefleurieparis.com\/es\/pequenos-placeres\/nuestros-socios-hotel-paris-6eme\/\">\n\t\t\t\t\t\t<span class=\"elementor-button-content-wrapper\">\n\t\t\t\t\t\t\t\t\t<span class=\"elementor-button-text\">ver SOCIOS<\/span>\n\t\t\t\t\t<\/span>\n\t\t\t\t\t<\/a>\n\t\t\t\t<\/div>\n\t\t\t\t\t\t\t\t<\/div>\n\t\t\t\t<\/div>\n\t\t\t\t<\/article>\n\t\t<div class=\"elementor-element elementor-element-956fdff e-con-full part-right e-flex e-con e-child\" data-id=\"956fdff\" data-element_type=\"container\" data-settings=\"{&quot;background_background&quot;:&quot;classic&quot;}\">\n\t\t\t\t<\/div>\n\t\t\t\t\t<\/div>\n\t\t\t\t<\/section>\n\t\t\t\t<\/div>","protected":false},"excerpt":{"rendered":"<p>H\u00f4tel de fleurie Descubra nuestros compromisos Materiales franceses En el H\u00f4tel de Fleurie, favorecemos el uso de materiales franceses de alta calidad. Por ejemplo, todos nuestros tejidos de tapicer\u00eda se seleccionan de casas de renombre como Thevenon 1908, que refleja la elegancia y el saber hacer franceses. M\u00e1s informaci\u00f3n sobre Thevenon 1908. socios locales Nuestro hotel se compromete a apoyar a los [...]<\/p>","protected":false},"author":6,"featured_media":0,"parent":0,"menu_order":0,"comment_status":"closed","ping_status":"closed","template":"","meta":{"inline_featured_image":false,"footnotes":""},"class_list":["post-95","page","type-page","status-publish","hentry"],"_links":{"self":[{"href":"https:\/\/www.hoteldefleurieparis.com\/es\/wp-json\/wp\/v2\/pages\/95","targetHints":{"allow":["GET"]}}],"collection":[{"href":"https:\/\/www.hoteldefleurieparis.com\/es\/wp-json\/wp\/v2\/pages"}],"about":[{"href":"https:\/\/www.hoteldefleurieparis.com\/es\/wp-json\/wp\/v2\/types\/page"}],"author":[{"embeddable":true,"href":"https:\/\/www.hoteldefleurieparis.com\/es\/wp-json\/wp\/v2\/users\/6"}],"replies":[{"embeddable":true,"href":"https:\/\/www.hoteldefleurieparis.com\/es\/wp-json\/wp\/v2\/comments?post=95"}],"version-history":[{"count":64,"href":"https:\/\/www.hoteldefleurieparis.com\/es\/wp-json\/wp\/v2\/pages\/95\/revisions"}],"predecessor-version":[{"id":5408,"href":"https:\/\/www.hoteldefleurieparis.com\/es\/wp-json\/wp\/v2\/pages\/95\/revisions\/5408"}],"wp:attachment":[{"href":"https:\/\/www.hoteldefleurieparis.com\/es\/wp-json\/wp\/v2\/media?parent=95"}],"curies":[{"name":"wp","href":"https:\/\/api.w.org\/{rel}","templated":true}]}}