{"id":93,"date":"2024-03-25T18:16:43","date_gmt":"2024-03-25T17:16:43","guid":{"rendered":"https:\/\/www.hoteldefleurieparis.com\/?page_id=93"},"modified":"2025-09-22T15:18:04","modified_gmt":"2025-09-22T13:18:04","slug":"informacion-practica","status":"publish","type":"page","link":"https:\/\/www.hoteldefleurieparis.com\/es\/informacion-practica\/","title":{"rendered":"Informaci\u00f3n pr\u00e1ctica"},"content":{"rendered":"<div data-elementor-type=\"wp-page\" data-elementor-id=\"93\" class=\"elementor elementor-93\" data-elementor-post-type=\"page\">\n\t\t\t\t<section class=\"elementor-element elementor-element-297e90a e-flex e-con-boxed e-con e-parent\" data-id=\"297e90a\" data-element_type=\"container\" data-settings=\"{&quot;background_background&quot;:&quot;classic&quot;}\">\n\t\t\t\t\t<div class=\"e-con-inner\">\n\t\t<div class=\"elementor-element elementor-element-09f477a e-con-full e-flex e-con e-child\" data-id=\"09f477a\" data-element_type=\"container\" data-settings=\"{&quot;background_background&quot;:&quot;classic&quot;}\">\n\t\t<div class=\"elementor-element elementor-element-b5161f2 e-con-full e-flex elementor-invisible e-con e-child\" data-id=\"b5161f2\" data-element_type=\"container\" data-settings=\"{&quot;animation&quot;:&quot;fadeIn&quot;}\">\n\t\t\t\t<div class=\"elementor-element elementor-element-91fe305 elementor-widget elementor-widget-heading\" data-id=\"91fe305\" data-element_type=\"widget\" data-widget_type=\"heading.default\">\n\t\t\t\t<div class=\"elementor-widget-container\">\n\t\t\t\t\t<div class=\"elementor-heading-title elementor-size-default\">Hotel de fleurie<\/div>\t\t\t\t<\/div>\n\t\t\t\t<\/div>\n\t\t\t\t<div class=\"elementor-element elementor-element-ecbb1d9 elementor-widget-tablet__width-initial elementor-widget elementor-widget-heading\" data-id=\"ecbb1d9\" data-element_type=\"widget\" data-widget_type=\"heading.default\">\n\t\t\t\t<div class=\"elementor-widget-container\">\n\t\t\t\t\t<div class=\"elementor-heading-title elementor-size-default\">Informaci\u00f3n pr\u00e1ctica<\/div>\t\t\t\t<\/div>\n\t\t\t\t<\/div>\n\t\t\t\t<\/div>\n\t\t\t\t<\/div>\n\t\t\t\t\t<\/div>\n\t\t\t\t<\/section>\n\t\t<section class=\"elementor-element elementor-element-e25b4a7 petits-plaisirs-ecran2 e-flex e-con-boxed e-con e-parent\" data-id=\"e25b4a7\" data-element_type=\"container\">\n\t\t\t\t\t<div class=\"e-con-inner\">\n\t\t<div class=\"elementor-element elementor-element-97fc0ea e-con-full part-right e-flex e-con e-child\" data-id=\"97fc0ea\" data-element_type=\"container\">\n\t\t<article class=\"elementor-element elementor-element-88fc58b e-con-full e-flex e-con e-child\" data-id=\"88fc58b\" data-element_type=\"container\">\n\t\t\t\t<div class=\"elementor-element elementor-element-50a6ad7 elementor-widget__width-initial elementor-widget elementor-widget-heading\" data-id=\"50a6ad7\" data-element_type=\"widget\" data-widget_type=\"heading.default\">\n\t\t\t\t<div class=\"elementor-widget-container\">\n\t\t\t\t\t<span class=\"elementor-heading-title elementor-size-default\">C\u00f3mo llegar<\/span>\t\t\t\t<\/div>\n\t\t\t\t<\/div>\n\t\t\t\t<div class=\"elementor-element elementor-element-4b433a4 elementor-widget__width-inherit elementor-widget-tablet__width-initial elementor-widget elementor-widget-text-editor\" data-id=\"4b433a4\" data-element_type=\"widget\" data-widget_type=\"text-editor.default\">\n\t\t\t\t<div class=\"elementor-widget-container\">\n\t\t\t\t\t\t\t\t\t<p>Nuestro hotel est\u00e1 situado en <strong>32, rue Gr\u00e9goire de Tours<\/strong> en el coraz\u00f3n de Saint Germain des Pr\u00e9s y del distrito 6 de Par\u00eds.<br \/><br \/><strong>Para unirse a nosotros:<br \/><\/strong><\/p><ul><li>Tome la l\u00ednea 4 de metro y baje en la estaci\u00f3n Od\u00e9on o la l\u00ednea 10 y baje en Mabillon.<br \/><br \/><\/li><li>Tome el RER B o C y b\u00e1jese en Saint-Michel\/Notre Dame (5 minutos a pie).<br \/><br \/><\/li><li>Tome las l\u00edneas de autob\u00fas 21-38-58-70-86-87-96.<\/li><\/ul><p><br \/>El hotel se encuentra a 5 minutos a pie del Jard\u00edn de Luxemburgo, la iglesia de St Germain des Pr\u00e9s, St Sulpice y el Ode\u00f3n, y a 10 minutos a pie del Pante\u00f3n, Ile de la Cit\u00e9 y Notre-Dame, as\u00ed como de los museos de Orsay y del Louvre.<br \/><br \/><\/p><p><strong>Aparcamientos cercanos:<br \/><br \/><\/strong><\/p><ul><li>Aparcamiento March\u00e9 Saint Germain a 2 minutos a pie<br \/><br \/><\/li><li>Aparcamiento Saint Placide a 2 minutos a pie<\/li><\/ul>\t\t\t\t\t\t\t\t<\/div>\n\t\t\t\t<\/div>\n\t\t\t\t<\/article>\n\t\t\t\t<\/div>\n\t\t<div class=\"elementor-element elementor-element-612e5cb e-con-full part-left e-flex e-con e-child\" data-id=\"612e5cb\" data-element_type=\"container\">\n\t\t<div class=\"elementor-element elementor-element-870d73a e-con-full e-flex e-con e-child\" data-id=\"870d73a\" data-element_type=\"container\">\n\t\t<article class=\"elementor-element elementor-element-db4532f e-con-full e-flex e-con e-child\" data-id=\"db4532f\" data-element_type=\"container\">\n\t\t\t\t<div class=\"elementor-element elementor-element-21cd6e2 elementor-widget elementor-widget-image\" data-id=\"21cd6e2\" data-element_type=\"widget\" data-widget_type=\"image.default\">\n\t\t\t\t<div class=\"elementor-widget-container\">\n\t\t\t\t\t\t\t\t\t\t\t\t\t\t\t\t<a href=\"https:\/\/maps.app.goo.gl\/GvTBz6biTV9uaPCa8\" target=\"_blank\" rel=\"nofollow noopener\">\n\t\t\t\t\t\t\t<img decoding=\"async\" width=\"54\" height=\"96\" src=\"https:\/\/www.hoteldefleurieparis.com\/wp-content\/uploads\/2024\/04\/Fichier_7.png\" class=\"attachment-full size-full wp-image-3232\" alt=\"\" srcset=\"https:\/\/www.hoteldefleurieparis.com\/wp-content\/uploads\/2024\/04\/Fichier_7.png 54w, https:\/\/www.hoteldefleurieparis.com\/wp-content\/uploads\/2024\/04\/Fichier_7-7x12.png 7w\" sizes=\"(max-width: 54px) 100vw, 54px\" title=\"\">\t\t\t\t\t\t\t\t<\/a>\n\t\t\t\t\t\t\t\t\t\t\t\t\t\t\t<\/div>\n\t\t\t\t<\/div>\n\t\t\t\t<div class=\"elementor-element elementor-element-7248dc5 elementor-widget__width-initial elementor-widget-tablet__width-initial elementor-widget-mobile__width-initial elementor-widget elementor-widget-text-editor\" data-id=\"7248dc5\" data-element_type=\"widget\" data-widget_type=\"text-editor.default\">\n\t\t\t\t<div class=\"elementor-widget-container\">\n\t\t\t\t\t\t\t\t\t<p>Hotel de Fleurie<br \/>32 rue Gr\u00e9goire de Tours<br \/>75 006 Par\u00eds<\/p><p>\u00a0<\/p><p>Tel: <a style=\"color: black;\" href=\"tel:+330153737000\">+33 (0)1 53 73 70 00<\/a><\/p>\t\t\t\t\t\t\t\t<\/div>\n\t\t\t\t<\/div>\n\t\t\t\t<\/article>\n\t\t<div class=\"elementor-element elementor-element-41e1eaf e-con-full e-flex e-con e-child\" data-id=\"41e1eaf\" data-element_type=\"container\">\n\t\t\t\t<div class=\"elementor-element elementor-element-628eb7c elementor-widget elementor-widget-image\" data-id=\"628eb7c\" data-element_type=\"widget\" data-widget_type=\"image.default\">\n\t\t\t\t<div class=\"elementor-widget-container\">\n\t\t\t\t\t\t\t\t\t\t\t\t\t\t\t\t<a href=\"https:\/\/maps.app.goo.gl\/GvTBz6biTV9uaPCa8\" target=\"_blank\" rel=\"nofollow noopener\">\n\t\t\t\t\t\t\t<img decoding=\"async\" width=\"225\" height=\"199\" src=\"https:\/\/www.hoteldefleurieparis.com\/wp-content\/uploads\/2024\/04\/Fichier_6.png\" class=\"attachment-full size-full wp-image-3234\" alt=\"\" srcset=\"https:\/\/www.hoteldefleurieparis.com\/wp-content\/uploads\/2024\/04\/Fichier_6.png 225w, https:\/\/www.hoteldefleurieparis.com\/wp-content\/uploads\/2024\/04\/Fichier_6-14x12.png 14w\" sizes=\"(max-width: 225px) 100vw, 225px\" title=\"\">\t\t\t\t\t\t\t\t<\/a>\n\t\t\t\t\t\t\t\t\t\t\t\t\t\t\t<\/div>\n\t\t\t\t<\/div>\n\t\t\t\t<\/div>\n\t\t\t\t<\/div>\n\t\t\t\t<\/div>\n\t\t\t\t\t<\/div>\n\t\t\t\t<\/section>\n\t\t<section class=\"elementor-element elementor-element-5d948ca petits-plaisirs-ecran2 e-flex e-con-boxed e-con e-parent\" data-id=\"5d948ca\" data-element_type=\"container\">\n\t\t\t\t\t<div class=\"e-con-inner\">\n\t\t<div class=\"elementor-element elementor-element-2de83a6 e-con-full part-right e-flex e-con e-child\" data-id=\"2de83a6\" data-element_type=\"container\">\n\t\t\t\t<div class=\"elementor-element elementor-element-1c2518d elementor-widget__width-auto elementor-widget-mobile__width-inherit elementor-invisible elementor-widget elementor-widget-image\" data-id=\"1c2518d\" data-element_type=\"widget\" data-settings=\"{&quot;_animation&quot;:&quot;fadeIn&quot;}\" data-widget_type=\"image.default\">\n\t\t\t\t<div class=\"elementor-widget-container\">\n\t\t\t\t\t\t\t\t\t\t\t\t\t\t\t<img fetchpriority=\"high\" decoding=\"async\" width=\"426\" height=\"886\" src=\"https:\/\/www.hoteldefleurieparis.com\/wp-content\/uploads\/2024\/04\/Rectangle-105-min.png\" class=\"attachment-full size-full wp-image-3241\" alt=\"\" srcset=\"https:\/\/www.hoteldefleurieparis.com\/wp-content\/uploads\/2024\/04\/Rectangle-105-min.png 426w, https:\/\/www.hoteldefleurieparis.com\/wp-content\/uploads\/2024\/04\/Rectangle-105-min-144x300.png 144w, https:\/\/www.hoteldefleurieparis.com\/wp-content\/uploads\/2024\/04\/Rectangle-105-min-6x12.png 6w\" sizes=\"(max-width: 426px) 100vw, 426px\" title=\"\">\t\t\t\t\t\t\t\t\t\t\t\t\t\t\t<\/div>\n\t\t\t\t<\/div>\n\t\t\t\t<div class=\"elementor-element elementor-element-8da4937 elementor-widget__width-auto elementor-hidden-mobile elementor-invisible elementor-widget elementor-widget-image\" data-id=\"8da4937\" data-element_type=\"widget\" data-settings=\"{&quot;_animation&quot;:&quot;fadeIn&quot;,&quot;_animation_delay&quot;:500}\" data-widget_type=\"image.default\">\n\t\t\t\t<div class=\"elementor-widget-container\">\n\t\t\t\t\t\t\t\t\t\t\t\t\t\t\t<img loading=\"lazy\" decoding=\"async\" width=\"426\" height=\"886\" src=\"https:\/\/www.hoteldefleurieparis.com\/wp-content\/uploads\/2024\/04\/Rectangle-105-min-1.jpg\" class=\"attachment-full size-full wp-image-3240\" alt=\"\" srcset=\"https:\/\/www.hoteldefleurieparis.com\/wp-content\/uploads\/2024\/04\/Rectangle-105-min-1.jpg 426w, https:\/\/www.hoteldefleurieparis.com\/wp-content\/uploads\/2024\/04\/Rectangle-105-min-1-144x300.jpg 144w, https:\/\/www.hoteldefleurieparis.com\/wp-content\/uploads\/2024\/04\/Rectangle-105-min-1-6x12.jpg 6w\" sizes=\"(max-width: 426px) 100vw, 426px\" title=\"\">\t\t\t\t\t\t\t\t\t\t\t\t\t\t\t<\/div>\n\t\t\t\t<\/div>\n\t\t\t\t<\/div>\n\t\t<div class=\"elementor-element elementor-element-0c715e1 e-con-full e-flex e-con e-child\" data-id=\"0c715e1\" data-element_type=\"container\">\n\t\t\t\t<div class=\"elementor-element elementor-element-b86b363 elementor-widget__width-initial elementor-widget elementor-widget-heading\" data-id=\"b86b363\" data-element_type=\"widget\" data-widget_type=\"heading.default\">\n\t\t\t\t<div class=\"elementor-widget-container\">\n\t\t\t\t\t<h1 class=\"elementor-heading-title elementor-size-default\">Contacto<\/h1>\t\t\t\t<\/div>\n\t\t\t\t<\/div>\n\t\t\t\t<div class=\"elementor-element elementor-element-258d1d2 elementor-button-align-end elementor-mobile-button-align-end formulaire-contact elementor-widget elementor-widget-form\" data-id=\"258d1d2\" data-element_type=\"widget\" data-settings=\"{&quot;step_next_label&quot;:&quot;Suivant&quot;,&quot;step_previous_label&quot;:&quot;Pr\\u00e9c\\u00e9dent&quot;,&quot;button_width_mobile&quot;:&quot;100&quot;,&quot;step_type&quot;:&quot;number_text&quot;,&quot;step_icon_shape&quot;:&quot;circle&quot;}\" data-widget_type=\"form.default\">\n\t\t\t\t<div class=\"elementor-widget-container\">\n\t\t\t\t\t\t\t<form class=\"elementor-form\" method=\"post\" name=\"Nouveau formulaire\" aria-label=\"Nuevo formulario\" action=\"\">\n\t\t\t<input type=\"hidden\" name=\"post_id\" value=\"93\"\/>\n\t\t\t<input type=\"hidden\" name=\"form_id\" value=\"258d1d2\"\/>\n\t\t\t<input type=\"hidden\" name=\"referer_title\" value=\"Informations pratiques | H\u00f4tel de Fleurie | H\u00f4tel 3* \u00e0 Paris\" \/>\n\n\t\t\t\t\t\t\t<input type=\"hidden\" name=\"queried_id\" value=\"93\"\/>\n\t\t\t\n\t\t\t<div class=\"elementor-form-fields-wrapper elementor-labels-above\">\n\t\t\t\t\t\t\t\t<div class=\"elementor-field-type-text elementor-field-group elementor-column elementor-field-group-name elementor-col-50 elementor-field-required\">\n\t\t\t\t\t\t\t\t\t\t\t\t<label for=\"form-field-name\" class=\"elementor-field-label\">\n\t\t\t\t\t\t\t\tNombre :\t\t\t\t\t\t\t<\/label>\n\t\t\t\t\t\t\t\t\t\t\t\t\t\t<input size=\"1\" type=\"text\" name=\"form_fields[name]\" id=\"form-field-name\" class=\"elementor-field elementor-size-sm  elementor-field-textual\" required=\"required\">\n\t\t\t\t\t\t\t\t\t\t\t<\/div>\n\t\t\t\t\t\t\t\t<div class=\"elementor-field-type-text elementor-field-group elementor-column elementor-field-group-field_7d3864a elementor-col-50 elementor-field-required\">\n\t\t\t\t\t\t\t\t\t\t\t\t<label for=\"form-field-field_7d3864a\" class=\"elementor-field-label\">\n\t\t\t\t\t\t\t\tNombre :\t\t\t\t\t\t\t<\/label>\n\t\t\t\t\t\t\t\t\t\t\t\t\t\t<input size=\"1\" type=\"text\" name=\"form_fields[field_7d3864a]\" id=\"form-field-field_7d3864a\" class=\"elementor-field elementor-size-sm  elementor-field-textual\" required=\"required\">\n\t\t\t\t\t\t\t\t\t\t\t<\/div>\n\t\t\t\t\t\t\t\t<div class=\"elementor-field-type-tel elementor-field-group elementor-column elementor-field-group-field_0fac25e elementor-col-50 elementor-field-required\">\n\t\t\t\t\t\t\t\t\t\t\t\t<label for=\"form-field-field_0fac25e\" class=\"elementor-field-label\">\n\t\t\t\t\t\t\t\tN\u00famero de tel\u00e9fono :\t\t\t\t\t\t\t<\/label>\n\t\t\t\t\t\t\t\t<input size=\"1\" type=\"tel\" name=\"form_fields[field_0fac25e]\" id=\"form-field-field_0fac25e\" class=\"elementor-field elementor-size-sm  elementor-field-textual\" required=\"required\" pattern=\"[0-9()#&amp;+*-=.]+\" title=\"Only numbers and phone characters (#, -, *, etc) are accepted.\" data-no-translation-title=\"\">\n\n\t\t\t\t\t\t<\/div>\n\t\t\t\t\t\t\t\t<div class=\"elementor-field-type-email elementor-field-group elementor-column elementor-field-group-email elementor-col-50 elementor-field-required\">\n\t\t\t\t\t\t\t\t\t\t\t\t<label for=\"form-field-email\" class=\"elementor-field-label\">\n\t\t\t\t\t\t\t\tCorreo electr\u00f3nico :\t\t\t\t\t\t\t<\/label>\n\t\t\t\t\t\t\t\t\t\t\t\t\t\t<input size=\"1\" type=\"email\" name=\"form_fields[email]\" id=\"form-field-email\" class=\"elementor-field elementor-size-sm  elementor-field-textual\" required=\"required\">\n\t\t\t\t\t\t\t\t\t\t\t<\/div>\n\t\t\t\t\t\t\t\t<div class=\"elementor-field-type-textarea elementor-field-group elementor-column elementor-field-group-message elementor-col-100\">\n\t\t\t\t\t\t\t\t\t\t\t\t<label for=\"form-field-message\" class=\"elementor-field-label\">\n\t\t\t\t\t\t\t\tTu mensaje:\t\t\t\t\t\t\t<\/label>\n\t\t\t\t\t\t<textarea class=\"elementor-field-textual elementor-field  elementor-size-sm\" name=\"form_fields[message]\" id=\"form-field-message\" rows=\"5\"><\/textarea>\t\t\t\t<\/div>\n\t\t\t\t\t\t\t\t<div class=\"elementor-field-type-acceptance elementor-field-group elementor-column elementor-field-group-consent elementor-col-100\">\n\t\t\t\t\t\t\t<div class=\"elementor-field-subgroup\">\n\t\t\t<span class=\"elementor-field-option\">\n\t\t\t\t<input type=\"checkbox\" name=\"form_fields[consent]\" id=\"form-field-consent\" class=\"elementor-field elementor-size-sm  elementor-acceptance-field\">\n\t\t\t\t<label for=\"form-field-consent\">S\u00ed, acepto las condiciones**.<\/label>\t\t\t<\/span>\n\t\t<\/div>\n\t\t\t\t\t\t<\/div>\n\t\t\t\t\t\t\t\t<div class=\"elementor-field-type-recaptcha_v3 elementor-field-group elementor-column elementor-field-group-field_2d61250 elementor-col-100 recaptcha_v3-bottomright\">\n\t\t\t\t\t<div class=\"elementor-field\" id=\"form-field-field_2d61250\"><div class=\"elementor-g-recaptcha\" data-sitekey=\"6LeEaQgqAAAAAEXVkFqrqZogBGTrAA36kA_xPdcd\" data-type=\"v3\" data-action=\"Form\" data-badge=\"bottomright\" data-size=\"invisible\"><\/div><\/div>\t\t\t\t<\/div>\n\t\t\t\t\t\t\t\t<div class=\"elementor-field-group elementor-column elementor-field-type-submit elementor-col-100 e-form__buttons elementor-sm-100\">\n\t\t\t\t\t<button class=\"elementor-button elementor-size-sm\" type=\"submit\">\n\t\t\t\t\t\t<span class=\"elementor-button-content-wrapper\">\n\t\t\t\t\t\t\t\t\t\t\t\t\t\t\t\t\t\t\t\t\t\t<span class=\"elementor-button-text\">Enviar el formulario<\/span>\n\t\t\t\t\t\t\t\t\t\t\t\t\t<\/span>\n\t\t\t\t\t<\/button>\n\t\t\t\t<\/div>\n\t\t\t<\/div>\n\t\t<input type=\"hidden\" name=\"trp-form-language\" value=\"es\"\/><\/form>\n\t\t\t\t\t\t<\/div>\n\t\t\t\t<\/div>\n\t\t\t\t<div class=\"elementor-element elementor-element-b4972a5 text-rgpd elementor-widget elementor-widget-text-editor\" data-id=\"b4972a5\" data-element_type=\"widget\" data-widget_type=\"text-editor.default\">\n\t\t\t\t<div class=\"elementor-widget-container\">\n\t\t\t\t\t\t\t\t\t<p>Los campos marcados con * son obligatorios. Esta informaci\u00f3n es confidencial y nunca se transmitir\u00e1 a ninguna organizaci\u00f3n. <br \/><br \/>** Al enviar este formulario, acepto que los datos introducidos en el mismo sean utilizados y tratados con el fin de ponerse en contacto conmigo en relaci\u00f3n con mi solicitud de informaci\u00f3n, ya sea por correo electr\u00f3nico o por tel\u00e9fono. Para conocer y ejercer sus derechos, en particular para retirar su consentimiento al uso de los datos recogidos mediante este formulario. Consulte nuestra pol\u00edtica de privacidad. <a href=\"https:\/\/www.hoteldefleurieparis.com\/es\/informacion-legal\/\">Informaci\u00f3n jur\u00eddica<\/a><br \/><br \/>Este sitio est\u00e1 protegido por reCAPTCHA: se aplican la pol\u00edtica de privacidad y las condiciones del servicio de Google.<br \/><br \/><\/p>\t\t\t\t\t\t\t\t<\/div>\n\t\t\t\t<\/div>\n\t\t\t\t<\/div>\n\t\t\t\t\t<\/div>\n\t\t\t\t<\/section>\n\t\t\t\t<\/div>","protected":false},"excerpt":{"rendered":"<p>H\u00f4tel de fleurie Informaci\u00f3n pr\u00e1ctica C\u00f3mo llegar Nuestro hotel est\u00e1 situado en el 32, rue Gr\u00e9goire de Tours, en el coraz\u00f3n de Saint Germain des Pr\u00e9s y del distrito 6 de Par\u00eds. Para llegar: Tome la l\u00ednea 4 de metro y baje en Od\u00e9on o la l\u00ednea 10 y baje en Mabillon. Tome el [...]<\/p>","protected":false},"author":6,"featured_media":0,"parent":0,"menu_order":0,"comment_status":"closed","ping_status":"closed","template":"","meta":{"inline_featured_image":false,"footnotes":""},"class_list":["post-93","page","type-page","status-publish","hentry"],"_links":{"self":[{"href":"https:\/\/www.hoteldefleurieparis.com\/es\/wp-json\/wp\/v2\/pages\/93","targetHints":{"allow":["GET"]}}],"collection":[{"href":"https:\/\/www.hoteldefleurieparis.com\/es\/wp-json\/wp\/v2\/pages"}],"about":[{"href":"https:\/\/www.hoteldefleurieparis.com\/es\/wp-json\/wp\/v2\/types\/page"}],"author":[{"embeddable":true,"href":"https:\/\/www.hoteldefleurieparis.com\/es\/wp-json\/wp\/v2\/users\/6"}],"replies":[{"embeddable":true,"href":"https:\/\/www.hoteldefleurieparis.com\/es\/wp-json\/wp\/v2\/comments?post=93"}],"version-history":[{"count":103,"href":"https:\/\/www.hoteldefleurieparis.com\/es\/wp-json\/wp\/v2\/pages\/93\/revisions"}],"predecessor-version":[{"id":5387,"href":"https:\/\/www.hoteldefleurieparis.com\/es\/wp-json\/wp\/v2\/pages\/93\/revisions\/5387"}],"wp:attachment":[{"href":"https:\/\/www.hoteldefleurieparis.com\/es\/wp-json\/wp\/v2\/media?parent=93"}],"curies":[{"name":"wp","href":"https:\/\/api.w.org\/{rel}","templated":true}]}}