{"id":854,"date":"2024-03-30T12:46:22","date_gmt":"2024-03-30T11:46:22","guid":{"rendered":"https:\/\/www.hoteldefleurieparis.com\/?page_id=854"},"modified":"2025-09-22T15:20:21","modified_gmt":"2025-09-22T13:20:21","slug":"our-partner-hotels","status":"publish","type":"page","link":"https:\/\/www.hoteldefleurieparis.com\/en\/our-partner-hotels\/","title":{"rendered":"Our partner hotels"},"content":{"rendered":"<div data-elementor-type=\"wp-page\" data-elementor-id=\"854\" class=\"elementor elementor-854\" data-elementor-post-type=\"page\">\n\t\t\t\t<section class=\"elementor-element elementor-element-6d42104 e-flex e-con-boxed e-con e-parent\" data-id=\"6d42104\" data-element_type=\"container\" data-settings=\"{&quot;background_background&quot;:&quot;classic&quot;}\">\n\t\t\t\t\t<div class=\"e-con-inner\">\n\t\t<div class=\"elementor-element elementor-element-0d8df53 e-con-full e-flex e-con e-child\" data-id=\"0d8df53\" data-element_type=\"container\" data-settings=\"{&quot;background_background&quot;:&quot;classic&quot;}\">\n\t\t<div class=\"elementor-element elementor-element-394368b e-con-full e-flex elementor-invisible e-con e-child\" data-id=\"394368b\" data-element_type=\"container\" data-settings=\"{&quot;animation&quot;:&quot;fadeIn&quot;}\">\n\t\t\t\t<div class=\"elementor-element elementor-element-16ac964 elementor-widget elementor-widget-heading\" data-id=\"16ac964\" data-element_type=\"widget\" data-widget_type=\"heading.default\">\n\t\t\t\t<div class=\"elementor-widget-container\">\n\t\t\t\t\t<span class=\"elementor-heading-title elementor-size-default\">Hotel de fleurie<\/span>\t\t\t\t<\/div>\n\t\t\t\t<\/div>\n\t\t\t\t<div class=\"elementor-element elementor-element-f5fd89a elementor-widget-tablet__width-initial elementor-widget elementor-widget-heading\" data-id=\"f5fd89a\" data-element_type=\"widget\" data-widget_type=\"heading.default\">\n\t\t\t\t<div class=\"elementor-widget-container\">\n\t\t\t\t\t<h1 class=\"elementor-heading-title elementor-size-default\">Discover our partner hotels<\/h1>\t\t\t\t<\/div>\n\t\t\t\t<\/div>\n\t\t\t\t<\/div>\n\t\t\t\t<\/div>\n\t\t\t\t\t<\/div>\n\t\t\t\t<\/section>\n\t\t<section class=\"elementor-element elementor-element-ca7f15c hotels-partenaires-ecran2 e-flex e-con-boxed e-con e-parent\" data-id=\"ca7f15c\" data-element_type=\"container\">\n\t\t\t\t\t<div class=\"e-con-inner\">\n\t\t<div class=\"elementor-element elementor-element-881c592 e-con-full part-left e-flex e-con e-child\" data-id=\"881c592\" data-element_type=\"container\">\n\t\t<div class=\"elementor-element elementor-element-7abf0f9 e-con-full e-flex e-con e-child\" data-id=\"7abf0f9\" data-element_type=\"container\">\n\t\t\t\t<div class=\"elementor-element elementor-element-9851e2d elementor-widget__width-initial elementor-widget-tablet__width-inherit elementor-widget elementor-widget-heading\" data-id=\"9851e2d\" data-element_type=\"widget\" data-widget_type=\"heading.default\">\n\t\t\t\t<div class=\"elementor-widget-container\">\n\t\t\t\t\t<span class=\"elementor-heading-title elementor-size-default\">La folie des pr\u00e8s<\/span>\t\t\t\t<\/div>\n\t\t\t\t<\/div>\n\t\t\t\t<div class=\"elementor-element elementor-element-785d913 elementor-widget__width-inherit elementor-widget elementor-widget-heading\" data-id=\"785d913\" data-element_type=\"widget\" data-widget_type=\"heading.default\">\n\t\t\t\t<div class=\"elementor-widget-container\">\n\t\t\t\t\t<h1 class=\"elementor-heading-title elementor-size-default\">Our partner hotel just a stone's throw from Gare de Lyon<\/h1>\t\t\t\t<\/div>\n\t\t\t\t<\/div>\n\t\t\t\t<div class=\"elementor-element elementor-element-1dc7cff elementor-widget__width-inherit elementor-widget-tablet__width-initial elementor-widget elementor-widget-text-editor\" data-id=\"1dc7cff\" data-element_type=\"widget\" data-widget_type=\"text-editor.default\">\n\t\t\t\t<div class=\"elementor-widget-container\">\n\t\t\t\t\t\t\t\t\t<p>Just a few steps from the H\u00f4tel de Fleurie, discover La Folie des Pr\u00e9s, the bold 3-star boutique hotel on the Left Bank. Enjoy modern design, a warm welcome and an ideal location in the heart of Saint Germain des Pr\u00e9s to explore the Left Bank. Perfect for an unforgettable stay in Paris.<\/p>\t\t\t\t\t\t\t\t<\/div>\n\t\t\t\t<\/div>\n\t\t\t\t<div class=\"elementor-element elementor-element-17412cd btn-maillage elementor-widget elementor-widget-button\" data-id=\"17412cd\" data-element_type=\"widget\" data-widget_type=\"button.default\">\n\t\t\t\t<div class=\"elementor-widget-container\">\n\t\t\t\t\t\t\t\t\t<div class=\"elementor-button-wrapper\">\n\t\t\t\t\t<a class=\"elementor-button elementor-button-link elementor-size-sm\" href=\"#\">\n\t\t\t\t\t\t<span class=\"elementor-button-content-wrapper\">\n\t\t\t\t\t\t\t\t\t<span class=\"elementor-button-text\">discover the folie des pr\u00e8s<\/span>\n\t\t\t\t\t<\/span>\n\t\t\t\t\t<\/a>\n\t\t\t\t<\/div>\n\t\t\t\t\t\t\t\t<\/div>\n\t\t\t\t<\/div>\n\t\t\t\t<\/div>\n\t\t\t\t<\/div>\n\t\t<div class=\"elementor-element elementor-element-9b5fe88 e-con-full e-flex elementor-invisible e-con e-child\" data-id=\"9b5fe88\" data-element_type=\"container\" data-settings=\"{&quot;animation&quot;:&quot;fadeIn&quot;}\">\n\t\t\t\t<div class=\"elementor-element elementor-element-4360802 elementor-widget__width-inherit elementor-widget-mobile__width-inherit elementor-hidden-desktop elementor-hidden-laptop elementor-hidden-tablet_extra elementor-hidden-tablet elementor-hidden-mobile elementor-widget elementor-widget-image\" data-id=\"4360802\" data-element_type=\"widget\" data-widget_type=\"image.default\">\n\t\t\t\t<div class=\"elementor-widget-container\">\n\t\t\t\t\t\t\t\t\t\t\t\t\t\t\t<img fetchpriority=\"high\" decoding=\"async\" width=\"1920\" height=\"2560\" src=\"https:\/\/www.hoteldefleurieparis.com\/wp-content\/uploads\/2024\/06\/IMG_6933-scaled.jpeg\" class=\"attachment-full size-full wp-image-4235\" alt=\"\" srcset=\"https:\/\/www.hoteldefleurieparis.com\/wp-content\/uploads\/2024\/06\/IMG_6933-scaled.jpeg 1920w, https:\/\/www.hoteldefleurieparis.com\/wp-content\/uploads\/2024\/06\/IMG_6933-225x300.jpeg 225w, https:\/\/www.hoteldefleurieparis.com\/wp-content\/uploads\/2024\/06\/IMG_6933-768x1024.jpeg 768w, https:\/\/www.hoteldefleurieparis.com\/wp-content\/uploads\/2024\/06\/IMG_6933-1152x1536.jpeg 1152w, https:\/\/www.hoteldefleurieparis.com\/wp-content\/uploads\/2024\/06\/IMG_6933-1536x2048.jpeg 1536w, https:\/\/www.hoteldefleurieparis.com\/wp-content\/uploads\/2024\/06\/IMG_6933-9x12.jpeg 9w\" sizes=\"(max-width: 1920px) 100vw, 1920px\" title=\"\">\t\t\t\t\t\t\t\t\t\t\t\t\t\t\t<\/div>\n\t\t\t\t<\/div>\n\t\t<div class=\"elementor-element elementor-element-f1b6127 e-con-full e-flex e-con e-child\" data-id=\"f1b6127\" data-element_type=\"container\">\n\t\t\t\t<div class=\"elementor-element elementor-element-3dc836b elementor-widget__width-auto elementor-widget-laptop__width-auto elementor-widget elementor-widget-image\" data-id=\"3dc836b\" data-element_type=\"widget\" data-widget_type=\"image.default\">\n\t\t\t\t<div class=\"elementor-widget-container\">\n\t\t\t\t\t\t\t\t\t\t\t\t\t\t\t<img decoding=\"async\" width=\"1920\" height=\"2560\" src=\"https:\/\/www.hoteldefleurieparis.com\/wp-content\/uploads\/2024\/06\/IMG_6724-scaled.jpeg\" class=\"attachment-full size-full wp-image-4234\" alt=\"\" srcset=\"https:\/\/www.hoteldefleurieparis.com\/wp-content\/uploads\/2024\/06\/IMG_6724-scaled.jpeg 1920w, https:\/\/www.hoteldefleurieparis.com\/wp-content\/uploads\/2024\/06\/IMG_6724-225x300.jpeg 225w, https:\/\/www.hoteldefleurieparis.com\/wp-content\/uploads\/2024\/06\/IMG_6724-768x1024.jpeg 768w, https:\/\/www.hoteldefleurieparis.com\/wp-content\/uploads\/2024\/06\/IMG_6724-1152x1536.jpeg 1152w, https:\/\/www.hoteldefleurieparis.com\/wp-content\/uploads\/2024\/06\/IMG_6724-1536x2048.jpeg 1536w, https:\/\/www.hoteldefleurieparis.com\/wp-content\/uploads\/2024\/06\/IMG_6724-9x12.jpeg 9w\" sizes=\"(max-width: 1920px) 100vw, 1920px\" title=\"\">\t\t\t\t\t\t\t\t\t\t\t\t\t\t\t<\/div>\n\t\t\t\t<\/div>\n\t\t\t\t<div class=\"elementor-element elementor-element-202249f elementor-widget__width-auto elementor-widget-laptop__width-auto elementor-widget elementor-widget-image\" data-id=\"202249f\" data-element_type=\"widget\" data-widget_type=\"image.default\">\n\t\t\t\t<div class=\"elementor-widget-container\">\n\t\t\t\t\t\t\t\t\t\t\t\t\t\t\t<img decoding=\"async\" width=\"1920\" height=\"2560\" src=\"https:\/\/www.hoteldefleurieparis.com\/wp-content\/uploads\/2024\/06\/IMG_7559-1-scaled.jpg\" class=\"attachment-full size-full wp-image-4553\" alt=\"\" srcset=\"https:\/\/www.hoteldefleurieparis.com\/wp-content\/uploads\/2024\/06\/IMG_7559-1-scaled.jpg 1920w, https:\/\/www.hoteldefleurieparis.com\/wp-content\/uploads\/2024\/06\/IMG_7559-1-225x300.jpg 225w, https:\/\/www.hoteldefleurieparis.com\/wp-content\/uploads\/2024\/06\/IMG_7559-1-768x1024.jpg 768w, https:\/\/www.hoteldefleurieparis.com\/wp-content\/uploads\/2024\/06\/IMG_7559-1-1152x1536.jpg 1152w, https:\/\/www.hoteldefleurieparis.com\/wp-content\/uploads\/2024\/06\/IMG_7559-1-1536x2048.jpg 1536w, https:\/\/www.hoteldefleurieparis.com\/wp-content\/uploads\/2024\/06\/IMG_7559-1-9x12.jpg 9w\" sizes=\"(max-width: 1920px) 100vw, 1920px\" title=\"\">\t\t\t\t\t\t\t\t\t\t\t\t\t\t\t<\/div>\n\t\t\t\t<\/div>\n\t\t\t\t<\/div>\n\t\t\t\t<\/div>\n\t\t\t\t\t<\/div>\n\t\t\t\t<\/section>\n\t\t<section class=\"elementor-element elementor-element-d8d85ac chambres-niv2-ecran2 e-flex e-con-boxed e-con e-parent\" data-id=\"d8d85ac\" data-element_type=\"container\">\n\t\t\t\t\t<div class=\"e-con-inner\">\n\t\t<div class=\"elementor-element elementor-element-e07313d e-con-full e-flex elementor-invisible e-con e-child\" data-id=\"e07313d\" data-element_type=\"container\" data-settings=\"{&quot;animation&quot;:&quot;fadeIn&quot;}\">\n\t\t\t\t<div class=\"elementor-element elementor-element-2ffbd42 elementor-widget__width-inherit elementor-widget-mobile__width-inherit elementor-widget elementor-widget-image\" data-id=\"2ffbd42\" data-element_type=\"widget\" data-widget_type=\"image.default\">\n\t\t\t\t<div class=\"elementor-widget-container\">\n\t\t\t\t\t\t\t\t\t\t\t\t\t\t\t<img loading=\"lazy\" decoding=\"async\" width=\"527\" height=\"467\" src=\"https:\/\/www.hoteldefleurieparis.com\/wp-content\/uploads\/2024\/04\/Rectangle-203.jpg\" class=\"attachment-full size-full wp-image-2724\" alt=\"\" srcset=\"https:\/\/www.hoteldefleurieparis.com\/wp-content\/uploads\/2024\/04\/Rectangle-203.jpg 527w, https:\/\/www.hoteldefleurieparis.com\/wp-content\/uploads\/2024\/04\/Rectangle-203-300x266.jpg 300w, https:\/\/www.hoteldefleurieparis.com\/wp-content\/uploads\/2024\/04\/Rectangle-203-14x12.jpg 14w\" sizes=\"(max-width: 527px) 100vw, 527px\" title=\"\">\t\t\t\t\t\t\t\t\t\t\t\t\t\t\t<\/div>\n\t\t\t\t<\/div>\n\t\t\t\t<div class=\"elementor-element elementor-element-0c54f5d elementor-widget__width-inherit elementor-widget-mobile__width-inherit elementor-widget elementor-widget-image\" data-id=\"0c54f5d\" data-element_type=\"widget\" data-widget_type=\"image.default\">\n\t\t\t\t<div class=\"elementor-widget-container\">\n\t\t\t\t\t\t\t\t\t\t\t\t\t\t\t<img loading=\"lazy\" decoding=\"async\" width=\"523\" height=\"341\" src=\"https:\/\/www.hoteldefleurieparis.com\/wp-content\/uploads\/2024\/04\/Rectangle-204.jpg\" class=\"attachment-full size-full wp-image-2725\" alt=\"\" srcset=\"https:\/\/www.hoteldefleurieparis.com\/wp-content\/uploads\/2024\/04\/Rectangle-204.jpg 523w, https:\/\/www.hoteldefleurieparis.com\/wp-content\/uploads\/2024\/04\/Rectangle-204-300x196.jpg 300w, https:\/\/www.hoteldefleurieparis.com\/wp-content\/uploads\/2024\/04\/Rectangle-204-18x12.jpg 18w\" sizes=\"(max-width: 523px) 100vw, 523px\" title=\"\">\t\t\t\t\t\t\t\t\t\t\t\t\t\t\t<\/div>\n\t\t\t\t<\/div>\n\t\t\t\t<\/div>\n\t\t<div class=\"elementor-element elementor-element-dad980e e-con-full part-center e-flex e-con e-child\" data-id=\"dad980e\" data-element_type=\"container\">\n\t\t<article class=\"elementor-element elementor-element-6f02d62 e-flex e-con-boxed e-con e-child\" data-id=\"6f02d62\" data-element_type=\"container\">\n\t\t\t\t\t<div class=\"e-con-inner\">\n\t\t\t\t<div class=\"elementor-element elementor-element-b1c8200 elementor-widget elementor-widget-heading\" data-id=\"b1c8200\" data-element_type=\"widget\" data-widget_type=\"heading.default\">\n\t\t\t\t<div class=\"elementor-widget-container\">\n\t\t\t\t\t<span class=\"elementor-heading-title elementor-size-default\">Hotel Locomo<\/span>\t\t\t\t<\/div>\n\t\t\t\t<\/div>\n\t\t\t\t<div class=\"elementor-element elementor-element-4038a74 elementor-widget__width-inherit elementor-widget elementor-widget-heading\" data-id=\"4038a74\" data-element_type=\"widget\" data-widget_type=\"heading.default\">\n\t\t\t\t<div class=\"elementor-widget-container\">\n\t\t\t\t\t<h2 class=\"elementor-heading-title elementor-size-default\">Our partner hotel just a stone's throw from Gare de Lyon<\/h2>\t\t\t\t<\/div>\n\t\t\t\t<\/div>\n\t\t\t\t<div class=\"elementor-element elementor-element-0b92668 elementor-widget__width-inherit elementor-widget-tablet__width-initial elementor-widget elementor-widget-text-editor\" data-id=\"0b92668\" data-element_type=\"widget\" data-widget_type=\"text-editor.default\">\n\t\t\t\t<div class=\"elementor-widget-container\">\n\t\t\t\t\t\t\t\t\t<p>Close to Gare de Lyon, the 3-star LOCOMO hotel will never cease to surprise you! Ideal for long or short stays, for business or pleasure. Hammam, meeting rooms, restaurant... this hotel adapts to your every need.<\/p>\t\t\t\t\t\t\t\t<\/div>\n\t\t\t\t<\/div>\n\t\t\t\t<div class=\"elementor-element elementor-element-c5a21ab btn-maillage elementor-widget elementor-widget-button\" data-id=\"c5a21ab\" data-element_type=\"widget\" data-widget_type=\"button.default\">\n\t\t\t\t<div class=\"elementor-widget-container\">\n\t\t\t\t\t\t\t\t\t<div class=\"elementor-button-wrapper\">\n\t\t\t\t\t<a class=\"elementor-button elementor-button-link elementor-size-sm\" href=\"https:\/\/hotel-locomo-paris-gare-de-lyon.com\/\" rel=\"nofollow noopener\" target=\"_blank\">\n\t\t\t\t\t\t<span class=\"elementor-button-content-wrapper\">\n\t\t\t\t\t\t\t\t\t<span class=\"elementor-button-text\">discover locomo<\/span>\n\t\t\t\t\t<\/span>\n\t\t\t\t\t<\/a>\n\t\t\t\t<\/div>\n\t\t\t\t\t\t\t\t<\/div>\n\t\t\t\t<\/div>\n\t\t\t\t\t<\/div>\n\t\t\t\t<\/article>\n\t\t\t\t<\/div>\n\t\t<div class=\"elementor-element elementor-element-64a22da e-con-full e-flex elementor-invisible e-con e-child\" data-id=\"64a22da\" data-element_type=\"container\" data-settings=\"{&quot;animation&quot;:&quot;fadeIn&quot;}\">\n\t\t\t\t<div class=\"elementor-element elementor-element-bd5ebd1 elementor-widget__width-auto elementor-widget-mobile__width-inherit elementor-widget elementor-widget-image\" data-id=\"bd5ebd1\" data-element_type=\"widget\" data-widget_type=\"image.default\">\n\t\t\t\t<div class=\"elementor-widget-container\">\n\t\t\t\t\t\t\t\t\t\t\t\t\t\t\t<img loading=\"lazy\" decoding=\"async\" width=\"523\" height=\"841\" src=\"https:\/\/www.hoteldefleurieparis.com\/wp-content\/uploads\/2024\/04\/Rectangle-205.jpg\" class=\"attachment-full size-full wp-image-2726\" alt=\"\" srcset=\"https:\/\/www.hoteldefleurieparis.com\/wp-content\/uploads\/2024\/04\/Rectangle-205.jpg 523w, https:\/\/www.hoteldefleurieparis.com\/wp-content\/uploads\/2024\/04\/Rectangle-205-187x300.jpg 187w, https:\/\/www.hoteldefleurieparis.com\/wp-content\/uploads\/2024\/04\/Rectangle-205-7x12.jpg 7w\" sizes=\"(max-width: 523px) 100vw, 523px\" title=\"\">\t\t\t\t\t\t\t\t\t\t\t\t\t\t\t<\/div>\n\t\t\t\t<\/div>\n\t\t\t\t<\/div>\n\t\t\t\t\t<\/div>\n\t\t\t\t<\/section>\n\t\t<section class=\"elementor-element elementor-element-31ce68b hotels-partenaires-ecran4 e-flex e-con-boxed e-con e-parent\" data-id=\"31ce68b\" data-element_type=\"container\">\n\t\t\t\t\t<div class=\"e-con-inner\">\n\t\t<div class=\"elementor-element elementor-element-25363cc e-con-full part-right e-flex e-con e-child\" data-id=\"25363cc\" data-element_type=\"container\">\n\t\t\t\t<div class=\"elementor-element elementor-element-1cd54b0 elementor-widget__width-auto elementor-invisible elementor-widget elementor-widget-image\" data-id=\"1cd54b0\" data-element_type=\"widget\" data-settings=\"{&quot;_animation&quot;:&quot;fadeIn&quot;}\" data-widget_type=\"image.default\">\n\t\t\t\t<div class=\"elementor-widget-container\">\n\t\t\t\t\t\t\t\t\t\t\t\t\t\t\t<img loading=\"lazy\" decoding=\"async\" width=\"1080\" height=\"1080\" src=\"https:\/\/www.hoteldefleurieparis.com\/wp-content\/uploads\/2024\/06\/Drout.png\" class=\"attachment-2048x2048 size-2048x2048 wp-image-4555\" alt=\"\" srcset=\"https:\/\/www.hoteldefleurieparis.com\/wp-content\/uploads\/2024\/06\/Drout.png 1080w, https:\/\/www.hoteldefleurieparis.com\/wp-content\/uploads\/2024\/06\/Drout-300x300.png 300w, https:\/\/www.hoteldefleurieparis.com\/wp-content\/uploads\/2024\/06\/Drout-1024x1024.png 1024w, https:\/\/www.hoteldefleurieparis.com\/wp-content\/uploads\/2024\/06\/Drout-150x150.png 150w, https:\/\/www.hoteldefleurieparis.com\/wp-content\/uploads\/2024\/06\/Drout-768x768.png 768w, https:\/\/www.hoteldefleurieparis.com\/wp-content\/uploads\/2024\/06\/Drout-12x12.png 12w\" sizes=\"(max-width: 1080px) 100vw, 1080px\" title=\"\">\t\t\t\t\t\t\t\t\t\t\t\t\t\t\t<\/div>\n\t\t\t\t<\/div>\n\t\t\t\t<div class=\"elementor-element elementor-element-957b3e6 elementor-widget__width-auto elementor-invisible elementor-widget elementor-widget-image\" data-id=\"957b3e6\" data-element_type=\"widget\" data-settings=\"{&quot;_animation&quot;:&quot;fadeIn&quot;,&quot;_animation_delay&quot;:500}\" data-widget_type=\"image.default\">\n\t\t\t\t<div class=\"elementor-widget-container\">\n\t\t\t\t\t\t\t\t\t\t\t\t\t\t\t<img loading=\"lazy\" decoding=\"async\" width=\"1587\" height=\"2245\" src=\"https:\/\/www.hoteldefleurieparis.com\/wp-content\/uploads\/2024\/06\/Design-sans-titre-2.png\" class=\"attachment-full size-full wp-image-4557\" alt=\"\" srcset=\"https:\/\/www.hoteldefleurieparis.com\/wp-content\/uploads\/2024\/06\/Design-sans-titre-2.png 1587w, https:\/\/www.hoteldefleurieparis.com\/wp-content\/uploads\/2024\/06\/Design-sans-titre-2-212x300.png 212w, https:\/\/www.hoteldefleurieparis.com\/wp-content\/uploads\/2024\/06\/Design-sans-titre-2-724x1024.png 724w, https:\/\/www.hoteldefleurieparis.com\/wp-content\/uploads\/2024\/06\/Design-sans-titre-2-768x1086.png 768w, https:\/\/www.hoteldefleurieparis.com\/wp-content\/uploads\/2024\/06\/Design-sans-titre-2-1086x1536.png 1086w, https:\/\/www.hoteldefleurieparis.com\/wp-content\/uploads\/2024\/06\/Design-sans-titre-2-1448x2048.png 1448w, https:\/\/www.hoteldefleurieparis.com\/wp-content\/uploads\/2024\/06\/Design-sans-titre-2-8x12.png 8w\" sizes=\"(max-width: 1587px) 100vw, 1587px\" title=\"\">\t\t\t\t\t\t\t\t\t\t\t\t\t\t\t<\/div>\n\t\t\t\t<\/div>\n\t\t\t\t<\/div>\n\t\t<div class=\"elementor-element elementor-element-d779269 e-con-full part-left e-flex e-con e-child\" data-id=\"d779269\" data-element_type=\"container\">\n\t\t<div class=\"elementor-element elementor-element-4d930d5 e-con-full e-flex e-con e-child\" data-id=\"4d930d5\" data-element_type=\"container\">\n\t\t\t\t<div class=\"elementor-element elementor-element-23bb117 elementor-widget__width-initial elementor-widget-tablet__width-inherit elementor-widget-mobile__width-inherit elementor-widget elementor-widget-heading\" data-id=\"23bb117\" data-element_type=\"widget\" data-widget_type=\"heading.default\">\n\t\t\t\t<div class=\"elementor-widget-container\">\n\t\t\t\t\t<span class=\"elementor-heading-title elementor-size-default\">H\u00f4tel Madame Drouot<\/span>\t\t\t\t<\/div>\n\t\t\t\t<\/div>\n\t\t\t\t<div class=\"elementor-element elementor-element-07da00d elementor-widget__width-inherit elementor-widget elementor-widget-heading\" data-id=\"07da00d\" data-element_type=\"widget\" data-widget_type=\"heading.default\">\n\t\t\t\t<div class=\"elementor-widget-container\">\n\t\t\t\t\t<h2 class=\"elementor-heading-title elementor-size-default\">Our partner hotel in the heart of the\nof the 9th arrondissement<\/h2>\t\t\t\t<\/div>\n\t\t\t\t<\/div>\n\t\t\t\t<div class=\"elementor-element elementor-element-fcb67bb elementor-widget__width-inherit elementor-widget-tablet__width-initial elementor-widget elementor-widget-text-editor\" data-id=\"fcb67bb\" data-element_type=\"widget\" data-widget_type=\"text-editor.default\">\n\t\t\t\t<div class=\"elementor-widget-container\">\n\t\t\t\t\t\t\t\t\t<p>Opening October 2024<\/p>\t\t\t\t\t\t\t\t<\/div>\n\t\t\t\t<\/div>\n\t\t\t\t<div class=\"elementor-element elementor-element-bc78208 btn-maillage elementor-widget elementor-widget-button\" data-id=\"bc78208\" data-element_type=\"widget\" data-widget_type=\"button.default\">\n\t\t\t\t<div class=\"elementor-widget-container\">\n\t\t\t\t\t\t\t\t\t<div class=\"elementor-button-wrapper\">\n\t\t\t\t\t<a class=\"elementor-button elementor-button-link elementor-size-sm\" href=\"https:\/\/www.hotelmadamedrouot.com\/\" rel=\"nofollow noopener\" target=\"_blank\">\n\t\t\t\t\t\t<span class=\"elementor-button-content-wrapper\">\n\t\t\t\t\t\t\t\t\t<span class=\"elementor-button-text\">discover the h\u00f4tel drouot<\/span>\n\t\t\t\t\t<\/span>\n\t\t\t\t\t<\/a>\n\t\t\t\t<\/div>\n\t\t\t\t\t\t\t\t<\/div>\n\t\t\t\t<\/div>\n\t\t\t\t<\/div>\n\t\t\t\t<\/div>\n\t\t\t\t\t<\/div>\n\t\t\t\t<\/section>\n\t\t\t\t<\/div>","protected":false},"excerpt":{"rendered":"<p>H\u00f4tel de fleurie Discover our partner hotels La folie des pr\u00e8s Our partner hotel just a stone's throw from Gare de Lyon A few steps from the H\u00f4tel de Fleurie, discover La Folie des Pr\u00e9s, the bold 3-star boutique hotel on the Left Bank. Enjoy modern design, a warm welcome and an ideal location [...]<\/p>","protected":false},"author":4,"featured_media":0,"parent":0,"menu_order":0,"comment_status":"closed","ping_status":"closed","template":"","meta":{"inline_featured_image":false,"footnotes":""},"class_list":["post-854","page","type-page","status-publish","hentry"],"_links":{"self":[{"href":"https:\/\/www.hoteldefleurieparis.com\/en\/wp-json\/wp\/v2\/pages\/854","targetHints":{"allow":["GET"]}}],"collection":[{"href":"https:\/\/www.hoteldefleurieparis.com\/en\/wp-json\/wp\/v2\/pages"}],"about":[{"href":"https:\/\/www.hoteldefleurieparis.com\/en\/wp-json\/wp\/v2\/types\/page"}],"author":[{"embeddable":true,"href":"https:\/\/www.hoteldefleurieparis.com\/en\/wp-json\/wp\/v2\/users\/4"}],"replies":[{"embeddable":true,"href":"https:\/\/www.hoteldefleurieparis.com\/en\/wp-json\/wp\/v2\/comments?post=854"}],"version-history":[{"count":206,"href":"https:\/\/www.hoteldefleurieparis.com\/en\/wp-json\/wp\/v2\/pages\/854\/revisions"}],"predecessor-version":[{"id":5411,"href":"https:\/\/www.hoteldefleurieparis.com\/en\/wp-json\/wp\/v2\/pages\/854\/revisions\/5411"}],"wp:attachment":[{"href":"https:\/\/www.hoteldefleurieparis.com\/en\/wp-json\/wp\/v2\/media?parent=854"}],"curies":[{"name":"wp","href":"https:\/\/api.w.org\/{rel}","templated":true}]}}